{"id":11292,"date":"2025-02-13T16:58:21","date_gmt":"2025-02-13T13:28:21","guid":{"rendered":"https:\/\/chemfix.co\/product\/three-components-anti-cf-330\/"},"modified":"2025-03-27T03:57:56","modified_gmt":"2025-03-27T00:27:56","slug":"three-components-anti-cf-330","status":"publish","type":"product","link":"https:\/\/chemfix.co\/ku\/product\/three-components-anti-cf-330\/","title":{"rendered":"P\u00fbdara bendk\u00ea\u015f\u00ee p\u00ealimer\u00ee y\u00ea li dij\u00ee as\u00eed Anti CF-330"},"content":{"rendered":"<p class=\"\" data-start=\"1528\" data-end=\"2437\">\u00c7ep \u00fb p\u00fbdara bendk\u00ea\u015f\u00ee y\u00ea li dij\u00ee as\u00eed t\u00eakildar\u00ea s\u00ea par\u00e7e y\u00ean li ser bingeh\u00ea rez\u00eena epoksi bi b\u00easfenol A \u00fb hardner\u00ean ferm\u00ee ne. Sistema rez\u00eena epoksiya bi kar\u00eeger\u00ee ya bilind heya gir\u00eadan\u00ea dir\u00eaj di temperatur\u00ea her\u00eam\u00ee \u00fb temperatur\u00ean z\u00eadetir de heye, p\u00ea\u015fketina germ\u00ee ya bilind, berxwedan li dij\u00ee materyalan kimyew\u00ee \u00fb materyalan kimyew\u00ee y\u00ean x\u00eara, wek as\u00eedan \u00fb xalalan, di nav \u00e7\u00eatir\u00ee f\u00eargeha rez\u00eena epoksiy\u00ea de p\u00ea\u015fangeh\u00ea ye.<br data-start=\"1968\" data-end=\"1971\" \/>Ev hilber wek \u00e7ep\u00ea \u015fe\u015feya as\u00eed, \u00e7ep\u00ea \u015fe\u015feya fireh, bendk\u00ea\u015f\u00ee ji hem\u00fb cins\u00ean \u015fe\u015feya pel \u00fb divar, porselan \u00fb k\u00een\u00eer, bendk\u00ea\u015f\u00ee ya li dij\u00ee as\u00eed ji \u015fe\u015feya pelajans\u00ean hilbijart\u00ee, bendk\u00ea\u015f\u00ee ya li dij\u00ee fireh ya her\u00eam\u00ean petrol\u00ee \u00fb gara\u015fan t\u00ea zan\u00een, ku di derbar\u00ea ber\u00ea \u015fewat\u00ea c\u00eehan\u00ee y\u00ean as\u00eedan wek: as\u00eeda sulfor\u00eek, as\u00eeda hidrofl\u00fbor\u00eek \u00fb as\u00eeda fosfor\u00eek bilind ji ber xwe n\u00ee\u015fan dide.<br data-start=\"2337\" data-end=\"2340\" \/>Hilber\u00ea v\u00ea hilber\u00ea bi standard\u00ean ASTM.DIN 18156-4, ASTM C321, ASTM C395, ASTM C579 re t\u00eakildar e.<\/p>\n<p class=\"\" data-start=\"2439\" data-end=\"3059\">\n","protected":false},"excerpt":{"rendered":"<p>\u00c7ep \u00fb p\u00fbdara bendk\u00ea\u015f\u00ee y\u00ea li dij\u00ee as\u00eed t\u00eakildar\u00ea s\u00ea par\u00e7e y\u00ean li ser bingeh\u00ea rez\u00eena epoksi bi b\u00easfenol A \u00fb hardner\u00ean ferm\u00ee ne. Sistema rez\u00eena epoksiya bi kar\u00eeger\u00ee ya bilind heya gir\u00eadan\u00ea dir\u00eaj di temperatur\u00ea her\u00eam\u00ee \u00fb temperatur\u00ean z\u00eadetir de heye, p\u00ea\u015fketina germ\u00ee ya bilind, berxwedan li dij\u00ee materyalan kimyew\u00ee \u00fb materyalan kimyew\u00ee y\u00ean [&hellip;]<\/p>\n","protected":false},"featured_media":5534,"comment_status":"open","ping_status":"closed","template":"","meta":[],"product_brand":[],"product_cat":[112],"product_tag":[],"class_list":{"0":"post-11292","1":"product","2":"type-product","3":"status-publish","4":"has-post-thumbnail","6":"product_cat-poderen-pewendikirine","8":"first","9":"instock","10":"featured","11":"shipping-taxable","12":"purchasable","13":"product-type-simple"},"_links":{"self":[{"href":"https:\/\/chemfix.co\/ku\/wp-json\/wp\/v2\/product\/11292","targetHints":{"allow":["GET"]}}],"collection":[{"href":"https:\/\/chemfix.co\/ku\/wp-json\/wp\/v2\/product"}],"about":[{"href":"https:\/\/chemfix.co\/ku\/wp-json\/wp\/v2\/types\/product"}],"replies":[{"embeddable":true,"href":"https:\/\/chemfix.co\/ku\/wp-json\/wp\/v2\/comments?post=11292"}],"wp:featuredmedia":[{"embeddable":true,"href":"https:\/\/chemfix.co\/ku\/wp-json\/wp\/v2\/media\/5534"}],"wp:attachment":[{"href":"https:\/\/chemfix.co\/ku\/wp-json\/wp\/v2\/media?parent=11292"}],"wp:term":[{"taxonomy":"product_brand","embeddable":true,"href":"https:\/\/chemfix.co\/ku\/wp-json\/wp\/v2\/product_brand?post=11292"},{"taxonomy":"product_cat","embeddable":true,"href":"https:\/\/chemfix.co\/ku\/wp-json\/wp\/v2\/product_cat?post=11292"},{"taxonomy":"product_tag","embeddable":true,"href":"https:\/\/chemfix.co\/ku\/wp-json\/wp\/v2\/product_tag?post=11292"}],"curies":[{"name":"wp","href":"https:\/\/api.w.org\/{rel}","templated":true}]}}